{"id":5,"date":"2023-07-03T16:41:21","date_gmt":"2023-07-03T16:41:21","guid":{"rendered":"https:\/\/lacompaniacafeteria.cl\/?page_id=5"},"modified":"2025-12-03T15:12:49","modified_gmt":"2025-12-03T15:12:49","slug":"inicio","status":"publish","type":"page","link":"https:\/\/lacompaniacafeteria.cl\/","title":{"rendered":"Inicio"},"content":{"rendered":"\t\t<div data-elementor-type=\"wp-page\" data-elementor-id=\"5\" class=\"elementor elementor-5\" data-elementor-post-type=\"page\">\n\t\t\t\t\t\t<section class=\"elementor-section elementor-top-section elementor-element elementor-element-5e8aea3 elementor-section-full_width elementor-section-height-default elementor-section-height-default\" data-id=\"5e8aea3\" data-element_type=\"section\" data-e-type=\"section\">\n\t\t\t\t\t\t<div class=\"elementor-container elementor-column-gap-no\">\n\t\t\t\t\t<div class=\"elementor-column elementor-col-50 elementor-top-column elementor-element elementor-element-e940d95\" data-id=\"e940d95\" data-element_type=\"column\" data-e-type=\"column\" data-settings=\"{&quot;background_background&quot;:&quot;classic&quot;}\">\n\t\t\t<div class=\"elementor-widget-wrap elementor-element-populated\">\n\t\t\t\t\t<div class=\"elementor-background-overlay\"><\/div>\n\t\t\t\t\t\t<div class=\"elementor-element elementor-element-2124f9d elementor-widget elementor-widget-image\" data-id=\"2124f9d\" data-element_type=\"widget\" data-e-type=\"widget\" data-widget_type=\"image.default\">\n\t\t\t\t<div class=\"elementor-widget-container\">\n\t\t\t\t\t\t\t\t\t\t\t\t\t\t\t\t<a href=\"https:\/\/lacompaniacafeteria.cl\/es\">\n\t\t\t\t\t\t\t<img decoding=\"async\" src=\"https:\/\/lacompaniacafeteria.cl\/wp-content\/uploads\/elementor\/thumbs\/LOGO-SIN-FONDO-q8vtldtaaykbh2wl734k7haundhzna6fskkfgdyetc.png\" title=\"LOGO SIN FONDO\" alt=\"LOGO SIN FONDO\" loading=\"lazy\" \/>\t\t\t\t\t\t\t\t<\/a>\n\t\t\t\t\t\t\t\t\t\t\t\t\t\t\t<\/div>\n\t\t\t\t<\/div>\n\t\t\t\t<div class=\"elementor-element elementor-element-ef174f2 elementor-widget elementor-widget-heading\" data-id=\"ef174f2\" data-element_type=\"widget\" data-e-type=\"widget\" data-widget_type=\"heading.default\">\n\t\t\t\t<div class=\"elementor-widget-container\">\n\t\t\t\t\t<h2 class=\"elementor-heading-title elementor-size-default\">La Compa\u00f1\u00eda Cafeter\u00eda<\/h2>\t\t\t\t<\/div>\n\t\t\t\t<\/div>\n\t\t\t\t<div class=\"elementor-element elementor-element-03cc10d elementor-align-center elementor-widget elementor-widget-button\" data-id=\"03cc10d\" data-element_type=\"widget\" data-e-type=\"widget\" data-widget_type=\"button.default\">\n\t\t\t\t<div class=\"elementor-widget-container\">\n\t\t\t\t\t\t\t\t\t<div class=\"elementor-button-wrapper\">\n\t\t\t\t\t<a class=\"elementor-button elementor-button-link elementor-size-sm\" href=\"https:\/\/www.instagram.com\/lacompaniacafeteria?igsh=MXBuaW96N3g1bW9scQ==\">\n\t\t\t\t\t\t<span class=\"elementor-button-content-wrapper\">\n\t\t\t\t\t\t\t\t\t<span class=\"elementor-button-text\">ENTRAR<\/span>\n\t\t\t\t\t<\/span>\n\t\t\t\t\t<\/a>\n\t\t\t\t<\/div>\n\t\t\t\t\t\t\t\t<\/div>\n\t\t\t\t<\/div>\n\t\t\t\t\t<\/div>\n\t\t<\/div>\n\t\t\t\t<div class=\"elementor-column elementor-col-50 elementor-top-column elementor-element elementor-element-2ea5df4\" data-id=\"2ea5df4\" data-element_type=\"column\" data-e-type=\"column\" data-settings=\"{&quot;background_background&quot;:&quot;classic&quot;}\">\n\t\t\t<div class=\"elementor-widget-wrap elementor-element-populated\">\n\t\t\t\t\t<div class=\"elementor-background-overlay\"><\/div>\n\t\t\t\t\t\t<div class=\"elementor-element elementor-element-805867a elementor-widget elementor-widget-image\" data-id=\"805867a\" data-element_type=\"widget\" data-e-type=\"widget\" data-widget_type=\"image.default\">\n\t\t\t\t<div class=\"elementor-widget-container\">\n\t\t\t\t\t\t\t\t\t\t\t\t\t\t\t\t<a href=\"https:\/\/lacompaniarestaurante.cl\/es\/\">\n\t\t\t\t\t\t\t<img decoding=\"async\" src=\"https:\/\/lacompaniacafeteria.cl\/wp-content\/uploads\/elementor\/thumbs\/LOGO-BLANCO-q9exaf990fbt1iahl65onetwkecvt29oq6mj92clo8.png\" title=\"LOGO BLANCO\" alt=\"LOGO BLANCO\" loading=\"lazy\" \/>\t\t\t\t\t\t\t\t<\/a>\n\t\t\t\t\t\t\t\t\t\t\t\t\t\t\t<\/div>\n\t\t\t\t<\/div>\n\t\t\t\t<div class=\"elementor-element elementor-element-b3649fd elementor-widget elementor-widget-heading\" data-id=\"b3649fd\" data-element_type=\"widget\" data-e-type=\"widget\" data-widget_type=\"heading.default\">\n\t\t\t\t<div class=\"elementor-widget-container\">\n\t\t\t\t\t<h2 class=\"elementor-heading-title elementor-size-default\">La Compa\u00f1\u00eda Restaurante<\/h2>\t\t\t\t<\/div>\n\t\t\t\t<\/div>\n\t\t\t\t<div class=\"elementor-element elementor-element-a5ff396 elementor-align-center elementor-widget elementor-widget-button\" data-id=\"a5ff396\" data-element_type=\"widget\" data-e-type=\"widget\" data-widget_type=\"button.default\">\n\t\t\t\t<div class=\"elementor-widget-container\">\n\t\t\t\t\t\t\t\t\t<div class=\"elementor-button-wrapper\">\n\t\t\t\t\t<a class=\"elementor-button elementor-button-link elementor-size-sm\" href=\"https:\/\/www.instagram.com\/lacompaniarestaurante?igsh=MWJ0aHdxaDRsMHYzbQ==\">\n\t\t\t\t\t\t<span class=\"elementor-button-content-wrapper\">\n\t\t\t\t\t\t\t\t\t<span class=\"elementor-button-text\">ENTRAR<\/span>\n\t\t\t\t\t<\/span>\n\t\t\t\t\t<\/a>\n\t\t\t\t<\/div>\n\t\t\t\t\t\t\t\t<\/div>\n\t\t\t\t<\/div>\n\t\t\t\t\t<\/div>\n\t\t<\/div>\n\t\t\t\t\t<\/div>\n\t\t<\/section>\n\t\t\t\t<\/div>\n\t\t","protected":false},"excerpt":{"rendered":"<p>La Compa\u00f1\u00eda Cafeter\u00eda ENTRAR La Compa\u00f1\u00eda Restaurante ENTRAR<\/p>\n","protected":false},"author":1,"featured_media":0,"parent":0,"menu_order":0,"comment_status":"closed","ping_status":"closed","template":"elementor_canvas","meta":{"footnotes":""},"class_list":["post-5","page","type-page","status-publish","hentry"],"_links":{"self":[{"href":"https:\/\/lacompaniacafeteria.cl\/index.php\/wp-json\/wp\/v2\/pages\/5","targetHints":{"allow":["GET"]}}],"collection":[{"href":"https:\/\/lacompaniacafeteria.cl\/index.php\/wp-json\/wp\/v2\/pages"}],"about":[{"href":"https:\/\/lacompaniacafeteria.cl\/index.php\/wp-json\/wp\/v2\/types\/page"}],"author":[{"embeddable":true,"href":"https:\/\/lacompaniacafeteria.cl\/index.php\/wp-json\/wp\/v2\/users\/1"}],"replies":[{"embeddable":true,"href":"https:\/\/lacompaniacafeteria.cl\/index.php\/wp-json\/wp\/v2\/comments?post=5"}],"version-history":[{"count":58,"href":"https:\/\/lacompaniacafeteria.cl\/index.php\/wp-json\/wp\/v2\/pages\/5\/revisions"}],"predecessor-version":[{"id":85,"href":"https:\/\/lacompaniacafeteria.cl\/index.php\/wp-json\/wp\/v2\/pages\/5\/revisions\/85"}],"wp:attachment":[{"href":"https:\/\/lacompaniacafeteria.cl\/index.php\/wp-json\/wp\/v2\/media?parent=5"}],"curies":[{"name":"wp","href":"https:\/\/api.w.org\/{rel}","templated":true}]}}